{"id":747,"date":"2025-11-28T08:20:36","date_gmt":"2025-11-28T08:20:36","guid":{"rendered":"https:\/\/pdpexpert.com\/?page_id=747"},"modified":"2025-12-20T15:55:00","modified_gmt":"2025-12-20T15:55:00","slug":"delegado-de-datos-personales","status":"publish","type":"page","link":"https:\/\/pdpexpert.com\/en\/delegado-de-datos-personales\/","title":{"rendered":"Delegado de Datos Personales"},"content":{"rendered":"<div class=\"wp-block-group alignfull has-primary-gradient-gradient-background has-background has-global-padding is-layout-constrained wp-block-group-is-layout-constrained\" style=\"margin-top:0;margin-bottom:0;padding-top:var(--wp--preset--spacing--xxx-large);padding-bottom:var(--wp--preset--spacing--xxx-large)\">\n<div class=\"wp-block-group has-global-padding is-layout-constrained wp-container-core-group-is-layout-870f17d2 wp-block-group-is-layout-constrained\">\n<h2 class=\"wp-block-heading has-text-align-center has-background-color has-text-color has-xxxx-large-font-size\" style=\"margin-bottom:var(--wp--preset--spacing--medium);font-style:normal;font-weight:800\">\u00bfEstas listo para cumplir con la normativa de protecci\u00f3n de datos personales?<\/h2>\n\n\n\n<p class=\"has-text-align-center has-background-color has-text-color has-x-large-font-size\" style=\"margin-bottom:var(--wp--preset--spacing--large)\">Contrata un Delegado de Datos Personales Externo, cuenta con el apoyo de verdaderos Expertos <\/p>\n\n\n\n<div class=\"wp-block-buttons is-content-justification-center is-layout-flex wp-container-core-buttons-is-layout-16018d1d wp-block-buttons-is-layout-flex\">\n<div class=\"wp-block-button\"><a class=\"wp-block-button__link has-primary-color has-background-background-color has-text-color has-background wp-element-button\" href=\"https:\/\/api.whatsapp.com\/send?phone=593967277910&amp;text=Hola%2C+me+gustar%C3%ADa+recibir+m%C3%A1s+informaci%C3%B3n.+Gracias.\">Cotiza tu servicio<\/a><\/div>\n<\/div>\n<\/div>\n<\/div>\n\n\n\n<div class=\"wp-block-group alignwide has-global-padding is-layout-constrained wp-block-group-is-layout-constrained\" style=\"margin-top:0;margin-bottom:0;padding-top:0;padding-bottom:0\">\n<div class=\"wp-block-group has-global-padding is-layout-constrained wp-container-core-group-is-layout-ce9d7f51 wp-block-group-is-layout-constrained\" style=\"margin-bottom:var(--wp--preset--spacing--xx-large)\">\n<h2 class=\"wp-block-heading has-text-align-center has-heading-color has-text-color has-xxxx-large-font-size\" style=\"margin-bottom:var(--wp--preset--spacing--medium);font-style:normal;font-weight:800\">Planes y Alcance<\/h2>\n<\/div>\n\n\n\n<div class=\"wp-block-columns alignwide is-layout-flex wp-container-core-columns-is-layout-6d0015b8 wp-block-columns-is-layout-flex\">\n<div class=\"wp-block-column is-layout-flow wp-block-column-is-layout-flow\" style=\"flex-basis:25%\">\n<div class=\"wp-block-group super-agency-pricing-card has-border-color has-background-background-color has-background has-global-padding is-layout-constrained wp-container-core-group-is-layout-736fcd45 wp-block-group-is-layout-constrained\" style=\"border-color:var(--wp--preset--color--border);border-width:1px;border-radius:16px;padding-top:var(--wp--preset--spacing--x-large);padding-right:var(--wp--preset--spacing--x-large);padding-bottom:var(--wp--preset--spacing--x-large);padding-left:var(--wp--preset--spacing--x-large)\">\n<h3 class=\"wp-block-heading has-text-align-center has-heading-color has-text-color has-xx-large-font-size\" style=\"margin-bottom:var(--wp--preset--spacing--small);font-style:normal;font-weight:700\"><mark style=\"background-color:rgba(0, 0, 0, 0)\" class=\"has-inline-color has-primary-color\">DPO Lite<\/mark><\/h3>\n\n\n\n<p class=\"has-text-align-center has-body-color has-text-color has-medium-font-size\" style=\"margin-bottom:var(--wp--preset--spacing--medium)\"><strong>Ideal para:<\/strong> Negocios unipersonales o profesionales independientes.<\/p>\n\n\n\n<ul style=\"margin-bottom:var(--wp--preset--spacing--large);padding-left:0;line-height:1.8\" class=\"wp-block-list super-agency-pricing-features\">\n<li style=\"margin-bottom:var(--wp--preset--spacing--small)\">\u2713 Hasta <strong>5 consultas simples<\/strong> por mes.<\/li>\n\n\n\n<li style=\"margin-bottom:var(--wp--preset--spacing--small)\">\u2713 <strong>1 consulta compleja<\/strong> por mes.<\/li>\n\n\n\n<li style=\"margin-bottom:var(--wp--preset--spacing--small)\">\u2713 Evaluaci\u00f3n b\u00e1sica del cumplimiento.<\/li>\n\n\n\n<li style=\"margin-bottom:var(--wp--preset--spacing--small)\">\u2713 Formaci\u00f3n b\u00e1sica para el responsable.<\/li>\n\n\n\n<li style=\"margin-bottom:var(--wp--preset--spacing--small)\">\u2713 12 meses de servicio.<\/li>\n\n\n\n<li style=\"margin-bottom:var(--wp--preset--spacing--small)\">\u2713 Incluye <strong>designaci\u00f3n y registro ante la SPDP<\/strong>.<\/li>\n<\/ul>\n\n\n\n<div class=\"wp-block-buttons is-content-justification-center is-layout-flex wp-container-core-buttons-is-layout-16018d1d wp-block-buttons-is-layout-flex\">\n<div class=\"wp-block-button has-custom-width wp-block-button__width-100 is-style-outline is-style-outline--1\"><a class=\"wp-block-button__link has-primary-color has-transparent-background-color has-text-color has-background wp-element-button\" href=\"https:\/\/share.hsforms.com\/1kT3tatmfRF-9I6IiHErMdQsf85q\">Cotizar<\/a><\/div>\n<\/div>\n<\/div>\n<\/div>\n\n\n\n<div class=\"wp-block-column is-layout-flow wp-block-column-is-layout-flow\" style=\"flex-basis:25%\">\n<div class=\"wp-block-group super-agency-pricing-card super-agency-pricing-featured has-border-color has-background-background-color has-background has-global-padding is-layout-constrained wp-container-core-group-is-layout-736fcd45 wp-block-group-is-layout-constrained\" style=\"border-color:var(--wp--preset--color--primary);border-width:2px;border-radius:16px;padding-top:var(--wp--preset--spacing--x-large);padding-right:var(--wp--preset--spacing--x-large);padding-bottom:var(--wp--preset--spacing--x-large);padding-left:var(--wp--preset--spacing--x-large)\">\n<div class=\"wp-block-group has-background-color has-primary-background-color has-text-color has-background has-global-padding is-layout-constrained wp-container-core-group-is-layout-ecbfc4f3 wp-block-group-is-layout-constrained\" style=\"border-radius:20px;padding-top:0;padding-right:var(--wp--preset--spacing--x-large);padding-bottom:0;padding-left:var(--wp--preset--spacing--x-large)\">\n<p class=\"has-small-font-size\" style=\"font-style:normal;font-weight:600\">POPULAR<\/p>\n<\/div>\n\n\n\n<h3 class=\"wp-block-heading has-text-align-center has-heading-color has-text-color has-xx-large-font-size\" style=\"margin-bottom:var(--wp--preset--spacing--small);font-style:normal;font-weight:700\"><mark style=\"background-color:rgba(0, 0, 0, 0)\" class=\"has-inline-color has-primary-color\">DPO Basic<\/mark><\/h3>\n\n\n\n<p class=\"has-text-align-center has-body-color has-text-color has-medium-font-size\" style=\"margin-bottom:var(--wp--preset--spacing--medium)\"><strong>Ideal para:<\/strong> Empresas peque\u00f1as y medianas, cooperativas<\/p>\n\n\n\n<ul style=\"margin-bottom:var(--wp--preset--spacing--large);padding-left:0;line-height:1.8\" class=\"wp-block-list super-agency-pricing-features\">\n<li style=\"margin-bottom:var(--wp--preset--spacing--small)\">\u2713 Hasta <strong>10 consultas simples<\/strong> por mes.<\/li>\n\n\n\n<li style=\"margin-bottom:var(--wp--preset--spacing--small)\">\u2713 <strong>2 consultas complejas por mes<\/strong><\/li>\n\n\n\n<li style=\"margin-bottom:var(--wp--preset--spacing--small)\">\u2713 Evaluaci\u00f3n de cumplimiento a nivel medio.<\/li>\n\n\n\n<li style=\"margin-bottom:var(--wp--preset--spacing--small)\">\u2713 Formaci\u00f3n general y operativa para el equipo.<\/li>\n\n\n\n<li style=\"margin-bottom:var(--wp--preset--spacing--small)\">\u2713 12 meses de servicio.<\/li>\n\n\n\n<li style=\"margin-bottom:var(--wp--preset--spacing--small)\">\u2713 Incluye <strong>designaci\u00f3n y registro ante la SPDP<\/strong>.<\/li>\n<\/ul>\n\n\n\n<div class=\"wp-block-buttons is-content-justification-center is-layout-flex wp-container-core-buttons-is-layout-16018d1d wp-block-buttons-is-layout-flex\">\n<div class=\"wp-block-button has-custom-width wp-block-button__width-100\"><a class=\"wp-block-button__link has-background-color has-primary-background-color has-text-color has-background wp-element-button\" href=\"https:\/\/share.hsforms.com\/1xxJ6WissQgOZgiDUR0hSnwsf85q\">Contratar<\/a><\/div>\n<\/div>\n<\/div>\n<\/div>\n\n\n\n<div class=\"wp-block-column is-layout-flow wp-block-column-is-layout-flow\" style=\"flex-basis:25%\">\n<div class=\"wp-block-group super-agency-pricing-card has-border-color has-background-background-color has-background has-global-padding is-layout-constrained wp-container-core-group-is-layout-736fcd45 wp-block-group-is-layout-constrained\" style=\"border-color:var(--wp--preset--color--border);border-width:1px;border-radius:16px;padding-top:var(--wp--preset--spacing--x-large);padding-right:var(--wp--preset--spacing--x-large);padding-bottom:var(--wp--preset--spacing--x-large);padding-left:var(--wp--preset--spacing--x-large)\">\n<h3 class=\"wp-block-heading has-text-align-center has-heading-color has-text-color has-xx-large-font-size\" style=\"margin-bottom:var(--wp--preset--spacing--small);font-style:normal;font-weight:700\"><mark style=\"background-color:rgba(0, 0, 0, 0)\" class=\"has-inline-color has-primary-color\">DPO Enterprise<\/mark><\/h3>\n\n\n\n<p class=\"has-text-align-center has-body-color has-text-color has-medium-font-size\" style=\"margin-bottom:var(--wp--preset--spacing--medium)\"><strong>Ideal para:<\/strong> Empresas medianas o grandes en expansi\u00f3n.<\/p>\n\n\n\n<ul style=\"margin-bottom:var(--wp--preset--spacing--large);padding-left:0;line-height:1.8\" class=\"wp-block-list super-agency-pricing-features\">\n<li style=\"margin-bottom:var(--wp--preset--spacing--small)\">\u2713 Hasta <strong>10 consultas simples<\/strong> por mes.<\/li>\n\n\n\n<li style=\"margin-bottom:var(--wp--preset--spacing--small)\">\u2713 <strong>3 consultas complejas por mes.<\/strong><\/li>\n\n\n\n<li style=\"margin-bottom:var(--wp--preset--spacing--small)\">\u2713 Evaluaci\u00f3n media del cumplimiento.<\/li>\n\n\n\n<li style=\"margin-bottom:var(--wp--preset--spacing--small)\">\u2713 Formaci\u00f3n operativa y general para m\u00faltiples \u00e1reas.<\/li>\n\n\n\n<li style=\"margin-bottom:var(--wp--preset--spacing--small)\">\u2713 12 meses de servicio.<\/li>\n\n\n\n<li style=\"margin-bottom:var(--wp--preset--spacing--small)\">\u2713 Incluye <strong>designaci\u00f3n y registro ante la SPDP<\/strong>.<\/li>\n<\/ul>\n\n\n\n<div class=\"wp-block-buttons is-content-justification-center is-layout-flex wp-container-core-buttons-is-layout-16018d1d wp-block-buttons-is-layout-flex\">\n<div class=\"wp-block-button has-custom-width wp-block-button__width-100 is-style-outline is-style-outline--4\"><a class=\"wp-block-button__link has-primary-color has-transparent-background-color has-text-color has-background wp-element-button\" href=\"https:\/\/share.hsforms.com\/15wXp7W3ES9q5edewCDIxqQsf85q\">Cotizar<\/a><\/div>\n<\/div>\n<\/div>\n<\/div>\n\n\n\n<div class=\"wp-block-column is-layout-flow wp-block-column-is-layout-flow\" style=\"flex-basis:25%\">\n<div class=\"wp-block-group super-agency-pricing-card has-border-color has-background-background-color has-background has-global-padding is-layout-constrained wp-container-core-group-is-layout-736fcd45 wp-block-group-is-layout-constrained\" style=\"border-color:var(--wp--preset--color--border);border-width:1px;border-radius:16px;padding-top:var(--wp--preset--spacing--x-large);padding-right:var(--wp--preset--spacing--x-large);padding-bottom:var(--wp--preset--spacing--x-large);padding-left:var(--wp--preset--spacing--x-large)\">\n<h3 class=\"wp-block-heading has-text-align-center has-heading-color has-text-color has-xx-large-font-size\" style=\"margin-bottom:var(--wp--preset--spacing--small);font-style:normal;font-weight:700\"><mark style=\"background-color:rgba(0, 0, 0, 0)\" class=\"has-inline-color has-primary-color\">DPO Corporate<\/mark><\/h3>\n\n\n\n<p class=\"has-text-align-center has-body-color has-text-color has-medium-font-size\" style=\"margin-bottom:var(--wp--preset--spacing--medium)\"><strong>Ideal para:<\/strong> Corporaciones y grupos empresariales.<\/p>\n\n\n\n<ul style=\"margin-bottom:var(--wp--preset--spacing--large);padding-left:0;line-height:1.8\" class=\"wp-block-list super-agency-pricing-features\">\n<li style=\"margin-bottom:var(--wp--preset--spacing--small)\">\u2713 Hasta <strong>15 consultas simples<\/strong> por mes.<\/li>\n\n\n\n<li style=\"margin-bottom:var(--wp--preset--spacing--small)\">\u2713 <strong>3 consultas complejas<\/strong> por mes.<\/li>\n\n\n\n<li style=\"margin-bottom:var(--wp--preset--spacing--small)\">\u2713 Evaluaci\u00f3n compleja y detallada.<\/li>\n\n\n\n<li style=\"margin-bottom:var(--wp--preset--spacing--small)\">\u2713 Formaci\u00f3n gerencial, operativa y general.<\/li>\n\n\n\n<li style=\"margin-bottom:var(--wp--preset--spacing--small)\">\u2713 12 meses de servicio.<\/li>\n\n\n\n<li style=\"margin-bottom:var(--wp--preset--spacing--small)\">\u2713 Incluye <strong>designaci\u00f3n y registro ante la SPDP<\/strong>.<\/li>\n<\/ul>\n\n\n\n<div class=\"wp-block-buttons is-content-justification-center is-layout-flex wp-container-core-buttons-is-layout-16018d1d wp-block-buttons-is-layout-flex\">\n<div class=\"wp-block-button has-custom-width wp-block-button__width-100 is-style-outline is-style-outline--5\"><a class=\"wp-block-button__link has-primary-color has-transparent-background-color has-text-color has-background wp-element-button\" href=\"https:\/\/share.hsforms.com\/1HVdUUZaGTlWg2S3m7riiCgsf85q\">Cotizar<\/a><\/div>\n<\/div>\n<\/div>\n<\/div>\n<\/div>\n<\/div>\n\n\n\n<div class=\"wp-block-group alignfull has-global-padding is-content-justification-center is-layout-constrained wp-container-core-group-is-layout-b073b61b wp-block-group-is-layout-constrained\" style=\"margin-top:0;margin-bottom:0;padding-top:calc( 0.5 * var(--wp--style--root--padding-right, var(--wp--custom--gap--horizontal)));padding-right:var(--wp--style--root--padding-right, var(--wp--custom--gap--horizontal));padding-bottom:calc( 0.5 * var(--wp--style--root--padding-right, var(--wp--custom--gap--horizontal)));padding-left:var(--wp--style--root--padding-left, var(--wp--custom--gap--horizontal))\">\n<div style=\"height:calc( 0.25 * var(--wp--style--root--padding-right, var(--wp--custom--gap--horizontal)))\" aria-hidden=\"true\" class=\"wp-block-spacer\"><\/div>\n\n\n\n<div class=\"wp-block-cover alignfull\" style=\"margin-top:0;margin-bottom:0;padding-top:3%;padding-right:0%;padding-bottom:10%;padding-left:5%;min-height:600px;aspect-ratio:unset;\"><img  title=\"\" loading=\"lazy\" decoding=\"async\" width=\"1024\" height=\"576\" class=\"wp-block-cover__image-background wp-image-330 size-large\"  alt=\"shutterstock_669170731-1024x576 Delegado de Datos Personales\"  src=\"https:\/\/pdpexpert.com\/wp-content\/uploads\/2025\/07\/shutterstock_669170731-1024x576.jpg\" style=\"object-position:18% 77%\" data-object-fit=\"cover\" data-object-position=\"18% 77%\" srcset=\"https:\/\/pdpexpert.com\/wp-content\/uploads\/2025\/07\/shutterstock_669170731-1024x576.jpg 1024w, https:\/\/pdpexpert.com\/wp-content\/uploads\/2025\/07\/shutterstock_669170731-300x169.jpg 300w, https:\/\/pdpexpert.com\/wp-content\/uploads\/2025\/07\/shutterstock_669170731-768x432.jpg 768w, https:\/\/pdpexpert.com\/wp-content\/uploads\/2025\/07\/shutterstock_669170731-1536x864.jpg 1536w, https:\/\/pdpexpert.com\/wp-content\/uploads\/2025\/07\/shutterstock_669170731-2048x1152.jpg 2048w\" sizes=\"auto, (max-width: 1024px) 100vw, 1024px\" \/><span aria-hidden=\"true\" class=\"wp-block-cover__background has-heading-background-color has-background-dim-80 has-background-dim\"><\/span><div class=\"wp-block-cover__inner-container is-layout-flow wp-block-cover-is-layout-flow\">\n<h3 class=\"wp-block-heading\">\u00bfNecesitas mas ayuda?<\/h3>\n\n\n\n<p>Contacta una reuni\u00f3n con uno de nuestros especialistas <\/p>\n\n\n\n<p>para que te ayude a determinar que planes se ajustan<\/p>\n\n\n\n<p> a las necesidades de tu organizaci\u00f3n<\/p>\n\n\n\n<div class=\"wp-block-buttons is-layout-flex wp-block-buttons-is-layout-flex\" style=\"margin-top:var(--wp--preset--spacing--30);margin-bottom:var(--wp--preset--spacing--30)\">\n<div class=\"wp-block-button\"><a class=\"wp-block-button__link wp-element-button\" href=\"https:\/\/outlook.office.com\/bookwithme\/user\/2910e50a12fb4b108fd03bfffd2545b0@pdpexpert.com\/meetingtype\/ePhXTpDtbU2AJkTzhWXMAQ2?anonymous&amp;ismsaljsauthenabled&amp;ep=mlink\"><mark style=\"background-color:rgba(0, 0, 0, 0)\" class=\"has-inline-color has-background-color\">Agendar ahora<\/mark><\/a><\/div>\n<\/div>\n<\/div><\/div>\n\n\n\n<div style=\"height:calc( 0.25 * var(--wp--style--root--padding-right, var(--wp--custom--gap--horizontal)))\" aria-hidden=\"true\" class=\"wp-block-spacer\"><\/div>\n<\/div>","protected":false},"excerpt":{"rendered":"<p>\u00bfEstas listo para cumplir con la normativa de protecci\u00f3n de datos personales? Contrata un Delegado de Datos Personales Externo, cuenta con el apoyo de verdaderos Expertos Planes y Alcance DPO Lite Ideal para: Negocios unipersonales o profesionales independientes. POPULAR DPO Basic Ideal para: Empresas peque\u00f1as y medianas, cooperativas DPO Enterprise Ideal para: Empresas medianas o [&hellip;]<\/p>\n","protected":false},"author":1,"featured_media":0,"parent":0,"menu_order":0,"comment_status":"closed","ping_status":"closed","template":"","meta":{"footnotes":""},"class_list":["post-747","page","type-page","status-publish","hentry"],"yoast_head":"<!-- This site is optimized with the Yoast SEO plugin v27.0 - https:\/\/yoast.com\/product\/yoast-seo-wordpress\/ -->\n<title>Delegado de Datos Personales - PDP Expert<\/title>\n<meta name=\"robots\" content=\"index, follow, max-snippet:-1, max-image-preview:large, max-video-preview:-1\" \/>\n<link rel=\"canonical\" href=\"https:\/\/pdpexpert.com\/en\/delegado-de-datos-personales\/\" \/>\n<meta property=\"og:locale\" content=\"en_US\" \/>\n<meta property=\"og:type\" content=\"article\" \/>\n<meta property=\"og:title\" content=\"Delegado de Datos Personales - PDP Expert\" \/>\n<meta property=\"og:description\" content=\"\u00bfEstas listo para cumplir con la normativa de protecci\u00f3n de datos personales? Contrata un Delegado de Datos Personales Externo, cuenta con el apoyo de verdaderos Expertos Planes y Alcance DPO Lite Ideal para: Negocios unipersonales o profesionales independientes. POPULAR DPO Basic Ideal para: Empresas peque\u00f1as y medianas, cooperativas DPO Enterprise Ideal para: Empresas medianas o [&hellip;]\" \/>\n<meta property=\"og:url\" content=\"https:\/\/pdpexpert.com\/en\/delegado-de-datos-personales\/\" \/>\n<meta property=\"og:site_name\" content=\"PDP Expert\" \/>\n<meta property=\"article:modified_time\" content=\"2025-12-20T15:55:00+00:00\" \/>\n<meta property=\"og:image\" content=\"https:\/\/pdpexpert.com\/wp-content\/uploads\/2025\/07\/shutterstock_669170731-scaled.jpg\" \/>\n\t<meta property=\"og:image:width\" content=\"2560\" \/>\n\t<meta property=\"og:image:height\" content=\"1440\" \/>\n\t<meta property=\"og:image:type\" content=\"image\/jpeg\" \/>\n<meta name=\"twitter:card\" content=\"summary_large_image\" \/>\n<meta name=\"twitter:label1\" content=\"Est. reading time\" \/>\n\t<meta name=\"twitter:data1\" content=\"2 minutes\" \/>\n<script type=\"application\/ld+json\" class=\"yoast-schema-graph\">{\"@context\":\"https:\/\/schema.org\",\"@graph\":[{\"@type\":\"WebPage\",\"@id\":\"https:\/\/pdpexpert.com\/delegado-de-datos-personales\/\",\"url\":\"https:\/\/pdpexpert.com\/delegado-de-datos-personales\/\",\"name\":\"Delegado de Datos Personales - PDP Expert\",\"isPartOf\":{\"@id\":\"https:\/\/pdpexpert.com\/#website\"},\"primaryImageOfPage\":{\"@id\":\"https:\/\/pdpexpert.com\/delegado-de-datos-personales\/#primaryimage\"},\"image\":{\"@id\":\"https:\/\/pdpexpert.com\/delegado-de-datos-personales\/#primaryimage\"},\"thumbnailUrl\":\"https:\/\/pdpexpert.com\/wp-content\/uploads\/2025\/07\/shutterstock_669170731-1024x576.jpg\",\"datePublished\":\"2025-11-28T08:20:36+00:00\",\"dateModified\":\"2025-12-20T15:55:00+00:00\",\"breadcrumb\":{\"@id\":\"https:\/\/pdpexpert.com\/delegado-de-datos-personales\/#breadcrumb\"},\"inLanguage\":\"en-US\",\"potentialAction\":[{\"@type\":\"ReadAction\",\"target\":[\"https:\/\/pdpexpert.com\/delegado-de-datos-personales\/\"]}]},{\"@type\":\"ImageObject\",\"inLanguage\":\"en-US\",\"@id\":\"https:\/\/pdpexpert.com\/delegado-de-datos-personales\/#primaryimage\",\"url\":\"https:\/\/pdpexpert.com\/wp-content\/uploads\/2025\/07\/shutterstock_669170731-1024x576.jpg\",\"contentUrl\":\"https:\/\/pdpexpert.com\/wp-content\/uploads\/2025\/07\/shutterstock_669170731-1024x576.jpg\"},{\"@type\":\"BreadcrumbList\",\"@id\":\"https:\/\/pdpexpert.com\/delegado-de-datos-personales\/#breadcrumb\",\"itemListElement\":[{\"@type\":\"ListItem\",\"position\":1,\"name\":\"Portada\",\"item\":\"https:\/\/pdpexpert.com\/\"},{\"@type\":\"ListItem\",\"position\":2,\"name\":\"Delegado de Datos Personales\"}]},{\"@type\":\"WebSite\",\"@id\":\"https:\/\/pdpexpert.com\/#website\",\"url\":\"https:\/\/pdpexpert.com\/\",\"name\":\"PDP EXPERT\",\"description\":\"\",\"publisher\":{\"@id\":\"https:\/\/pdpexpert.com\/#organization\"},\"potentialAction\":[{\"@type\":\"SearchAction\",\"target\":{\"@type\":\"EntryPoint\",\"urlTemplate\":\"https:\/\/pdpexpert.com\/?s={search_term_string}\"},\"query-input\":{\"@type\":\"PropertyValueSpecification\",\"valueRequired\":true,\"valueName\":\"search_term_string\"}}],\"inLanguage\":\"en-US\"},{\"@type\":\"Organization\",\"@id\":\"https:\/\/pdpexpert.com\/#organization\",\"name\":\"PDP EXPERT\",\"url\":\"https:\/\/pdpexpert.com\/\",\"logo\":{\"@type\":\"ImageObject\",\"inLanguage\":\"en-US\",\"@id\":\"https:\/\/pdpexpert.com\/#\/schema\/logo\/image\/\",\"url\":\"https:\/\/pdpexpert.com\/wp-content\/uploads\/2025\/07\/cropped-cropped-Logo-letras-azules-fondo-transparente.png\",\"contentUrl\":\"https:\/\/pdpexpert.com\/wp-content\/uploads\/2025\/07\/cropped-cropped-Logo-letras-azules-fondo-transparente.png\",\"width\":2000,\"height\":486,\"caption\":\"PDP EXPERT\"},\"image\":{\"@id\":\"https:\/\/pdpexpert.com\/#\/schema\/logo\/image\/\"}}]}<\/script>\n<!-- \/ Yoast SEO plugin. -->","yoast_head_json":{"title":"Delegado de Datos Personales - PDP Expert","robots":{"index":"index","follow":"follow","max-snippet":"max-snippet:-1","max-image-preview":"max-image-preview:large","max-video-preview":"max-video-preview:-1"},"canonical":"https:\/\/pdpexpert.com\/en\/delegado-de-datos-personales\/","og_locale":"en_US","og_type":"article","og_title":"Delegado de Datos Personales - PDP Expert","og_description":"\u00bfEstas listo para cumplir con la normativa de protecci\u00f3n de datos personales? Contrata un Delegado de Datos Personales Externo, cuenta con el apoyo de verdaderos Expertos Planes y Alcance DPO Lite Ideal para: Negocios unipersonales o profesionales independientes. POPULAR DPO Basic Ideal para: Empresas peque\u00f1as y medianas, cooperativas DPO Enterprise Ideal para: Empresas medianas o [&hellip;]","og_url":"https:\/\/pdpexpert.com\/en\/delegado-de-datos-personales\/","og_site_name":"PDP Expert","article_modified_time":"2025-12-20T15:55:00+00:00","og_image":[{"width":2560,"height":1440,"url":"https:\/\/pdpexpert.com\/wp-content\/uploads\/2025\/07\/shutterstock_669170731-scaled.jpg","type":"image\/jpeg"}],"twitter_card":"summary_large_image","twitter_misc":{"Est. reading time":"2 minutes"},"schema":{"@context":"https:\/\/schema.org","@graph":[{"@type":"WebPage","@id":"https:\/\/pdpexpert.com\/delegado-de-datos-personales\/","url":"https:\/\/pdpexpert.com\/delegado-de-datos-personales\/","name":"Delegado de Datos Personales - PDP Expert","isPartOf":{"@id":"https:\/\/pdpexpert.com\/#website"},"primaryImageOfPage":{"@id":"https:\/\/pdpexpert.com\/delegado-de-datos-personales\/#primaryimage"},"image":{"@id":"https:\/\/pdpexpert.com\/delegado-de-datos-personales\/#primaryimage"},"thumbnailUrl":"https:\/\/pdpexpert.com\/wp-content\/uploads\/2025\/07\/shutterstock_669170731-1024x576.jpg","datePublished":"2025-11-28T08:20:36+00:00","dateModified":"2025-12-20T15:55:00+00:00","breadcrumb":{"@id":"https:\/\/pdpexpert.com\/delegado-de-datos-personales\/#breadcrumb"},"inLanguage":"en-US","potentialAction":[{"@type":"ReadAction","target":["https:\/\/pdpexpert.com\/delegado-de-datos-personales\/"]}]},{"@type":"ImageObject","inLanguage":"en-US","@id":"https:\/\/pdpexpert.com\/delegado-de-datos-personales\/#primaryimage","url":"https:\/\/pdpexpert.com\/wp-content\/uploads\/2025\/07\/shutterstock_669170731-1024x576.jpg","contentUrl":"https:\/\/pdpexpert.com\/wp-content\/uploads\/2025\/07\/shutterstock_669170731-1024x576.jpg"},{"@type":"BreadcrumbList","@id":"https:\/\/pdpexpert.com\/delegado-de-datos-personales\/#breadcrumb","itemListElement":[{"@type":"ListItem","position":1,"name":"Portada","item":"https:\/\/pdpexpert.com\/"},{"@type":"ListItem","position":2,"name":"Delegado de Datos Personales"}]},{"@type":"WebSite","@id":"https:\/\/pdpexpert.com\/#website","url":"https:\/\/pdpexpert.com\/","name":"PDP EXPERT","description":"","publisher":{"@id":"https:\/\/pdpexpert.com\/#organization"},"potentialAction":[{"@type":"SearchAction","target":{"@type":"EntryPoint","urlTemplate":"https:\/\/pdpexpert.com\/?s={search_term_string}"},"query-input":{"@type":"PropertyValueSpecification","valueRequired":true,"valueName":"search_term_string"}}],"inLanguage":"en-US"},{"@type":"Organization","@id":"https:\/\/pdpexpert.com\/#organization","name":"PDP EXPERT","url":"https:\/\/pdpexpert.com\/","logo":{"@type":"ImageObject","inLanguage":"en-US","@id":"https:\/\/pdpexpert.com\/#\/schema\/logo\/image\/","url":"https:\/\/pdpexpert.com\/wp-content\/uploads\/2025\/07\/cropped-cropped-Logo-letras-azules-fondo-transparente.png","contentUrl":"https:\/\/pdpexpert.com\/wp-content\/uploads\/2025\/07\/cropped-cropped-Logo-letras-azules-fondo-transparente.png","width":2000,"height":486,"caption":"PDP EXPERT"},"image":{"@id":"https:\/\/pdpexpert.com\/#\/schema\/logo\/image\/"}}]}},"jetpack_sharing_enabled":true,"_links":{"self":[{"href":"https:\/\/pdpexpert.com\/en\/wp-json\/wp\/v2\/pages\/747","targetHints":{"allow":["GET"]}}],"collection":[{"href":"https:\/\/pdpexpert.com\/en\/wp-json\/wp\/v2\/pages"}],"about":[{"href":"https:\/\/pdpexpert.com\/en\/wp-json\/wp\/v2\/types\/page"}],"author":[{"embeddable":true,"href":"https:\/\/pdpexpert.com\/en\/wp-json\/wp\/v2\/users\/1"}],"replies":[{"embeddable":true,"href":"https:\/\/pdpexpert.com\/en\/wp-json\/wp\/v2\/comments?post=747"}],"version-history":[{"count":23,"href":"https:\/\/pdpexpert.com\/en\/wp-json\/wp\/v2\/pages\/747\/revisions"}],"predecessor-version":[{"id":803,"href":"https:\/\/pdpexpert.com\/en\/wp-json\/wp\/v2\/pages\/747\/revisions\/803"}],"wp:attachment":[{"href":"https:\/\/pdpexpert.com\/en\/wp-json\/wp\/v2\/media?parent=747"}],"curies":[{"name":"wp","href":"https:\/\/api.w.org\/{rel}","templated":true}]}}