{"id":711,"date":"2025-11-17T02:53:49","date_gmt":"2025-11-17T02:53:49","guid":{"rendered":"https:\/\/pdpexpert.com\/?post_type=product&#038;p=711"},"modified":"2026-01-03T01:12:20","modified_gmt":"2026-01-03T01:12:20","slug":"certificacion-iso-27701-2025","status":"publish","type":"product","link":"https:\/\/pdpexpert.com\/en\/product\/certificacion-iso-27701-2025\/","title":{"rendered":"Certificaci\u00f3n ISO 27701:2025"},"content":{"rendered":"<p>Este programa de certificaci\u00f3n ISO 27701:2025 est\u00e1 dirigido a profesionales interesados en fortalecer sus competencias en protecci\u00f3n de datos personales y en la implementaci\u00f3n de sistemas de gesti\u00f3n alineados con est\u00e1ndares internacionales y con enfoque multilatino.<\/p>\n<p>&nbsp;<\/p>\n<p>Est\u00e1 especialmente orientado a:<\/p>\n<p>&nbsp;<\/p>\n<ul>\n<li>Personal de responsables o encargados de protecci\u00f3n de datos personales que lideran procesos de adecuaci\u00f3n normativa y organizacional.<\/li>\n<li>Profesionales que gestionan procesos relacionados con cumplimiento normativo, seguridad de la informaci\u00f3n, gesti\u00f3n documental, transformaci\u00f3n digital o gobierno corporativo.<\/li>\n<li>Oficiales de cumplimiento, asesores legales y especialistas en gesti\u00f3n de riesgos vinculados a datos personales y a la seguridad de la informaci\u00f3n.<\/li>\n<li>Consultores en privacidad y protecci\u00f3n de datos personales que apoyan la implementaci\u00f3n de marcos normativos y est\u00e1ndares internacionales.<\/li>\n<li>Profesionales del \u00e1rea de tecnolog\u00edas de la informaci\u00f3n, ciberseguridad, ingenier\u00eda de datos o arquitectura de sistemas que participan en la implementaci\u00f3n de medidas t\u00e9cnicas y organizativas.<\/li>\n<li>Miembros de equipos de auditor\u00eda, transparencia, atenci\u00f3n al usuario, calidad o experiencia del cliente que se relacionan con datos personales en el desarrollo de sus funciones.<\/li>\n<li>Investigadores y l\u00edderes de proyectos que integran el tratamiento de datos personales en sus actividades operativas o estrat\u00e9gicas.<\/li>\n<\/ul>","protected":false},"excerpt":{"rendered":"<p>Este programa de certificaci\u00f3n ISO 27701:2025 est\u00e1 dirigido a profesionales interesados en fortalecer sus competencias en protecci\u00f3n de datos personales y en la implementaci\u00f3n de sistemas de gesti\u00f3n alineados con est\u00e1ndares internacionales y con enfoque multilatino.<\/p>\n<p>Certificaci\u00f3n de 80 horas acad\u00e9micas teoricas y pr\u00e1cticas con profesionales de varios paises de am\u00e9rica latina.<\/p>","protected":false},"featured_media":712,"comment_status":"open","ping_status":"closed","template":"","meta":[],"product_brand":[],"product_cat":[34],"product_tag":[],"class_list":{"0":"post-711","1":"product","2":"type-product","3":"status-publish","4":"has-post-thumbnail","6":"product_cat-certificaciones","8":"first","9":"instock","10":"sale","11":"virtual","12":"taxable","13":"purchasable","14":"product-type-simple"},"yoast_head":"<!-- This site is optimized with the Yoast SEO plugin v27.0 - https:\/\/yoast.com\/product\/yoast-seo-wordpress\/ -->\n<title>Certificaci\u00f3n ISO 27701:2025 - PDP Expert<\/title>\n<meta name=\"description\" content=\"Cuso de certificaci\u00f3n iso 27701:2025 avalado por UIDE y desarrollado por PDP Expert, orientado a protecci\u00f3n de datos personales\" \/>\n<meta name=\"robots\" content=\"index, follow, max-snippet:-1, max-image-preview:large, max-video-preview:-1\" \/>\n<link rel=\"canonical\" href=\"https:\/\/pdpexpert.com\/en\/product\/certificacion-iso-27701-2025\/\" \/>\n<meta property=\"og:locale\" content=\"en_US\" \/>\n<meta property=\"og:type\" content=\"article\" \/>\n<meta property=\"og:title\" content=\"Certificaci\u00f3n ISO 27701:2025 - PDP Expert\" \/>\n<meta property=\"og:description\" content=\"Cuso de certificaci\u00f3n iso 27701:2025 avalado por UIDE y desarrollado por PDP Expert, orientado a protecci\u00f3n de datos personales\" \/>\n<meta property=\"og:url\" content=\"https:\/\/pdpexpert.com\/en\/product\/certificacion-iso-27701-2025\/\" \/>\n<meta property=\"og:site_name\" content=\"PDP Expert\" \/>\n<meta property=\"article:modified_time\" content=\"2026-01-03T01:12:20+00:00\" \/>\n<meta property=\"og:image\" content=\"https:\/\/pdpexpert.com\/wp-content\/uploads\/2025\/11\/artes-ADS-6.png\" \/>\n\t<meta property=\"og:image:width\" content=\"1080\" \/>\n\t<meta property=\"og:image:height\" content=\"1080\" \/>\n\t<meta property=\"og:image:type\" content=\"image\/png\" \/>\n<meta name=\"twitter:card\" content=\"summary_large_image\" \/>\n<meta name=\"twitter:label1\" content=\"Est. reading time\" \/>\n\t<meta name=\"twitter:data1\" content=\"2 minutes\" \/>\n<script type=\"application\/ld+json\" class=\"yoast-schema-graph\">{\"@context\":\"https:\/\/schema.org\",\"@graph\":[{\"@type\":\"WebPage\",\"@id\":\"https:\/\/pdpexpert.com\/producto\/certificacion-iso-27701-2025\/\",\"url\":\"https:\/\/pdpexpert.com\/producto\/certificacion-iso-27701-2025\/\",\"name\":\"Certificaci\u00f3n ISO 27701:2025 - PDP Expert\",\"isPartOf\":{\"@id\":\"https:\/\/pdpexpert.com\/#website\"},\"primaryImageOfPage\":{\"@id\":\"https:\/\/pdpexpert.com\/producto\/certificacion-iso-27701-2025\/#primaryimage\"},\"image\":{\"@id\":\"https:\/\/pdpexpert.com\/producto\/certificacion-iso-27701-2025\/#primaryimage\"},\"thumbnailUrl\":\"https:\/\/pdpexpert.com\/wp-content\/uploads\/2025\/11\/artes-ADS-6.png\",\"datePublished\":\"2025-11-17T02:53:49+00:00\",\"dateModified\":\"2026-01-03T01:12:20+00:00\",\"description\":\"Cuso de certificaci\u00f3n iso 27701:2025 avalado por UIDE y desarrollado por PDP Expert, orientado a protecci\u00f3n de datos personales\",\"breadcrumb\":{\"@id\":\"https:\/\/pdpexpert.com\/producto\/certificacion-iso-27701-2025\/#breadcrumb\"},\"inLanguage\":\"en-US\",\"potentialAction\":[{\"@type\":\"ReadAction\",\"target\":[\"https:\/\/pdpexpert.com\/producto\/certificacion-iso-27701-2025\/\"]}]},{\"@type\":\"ImageObject\",\"inLanguage\":\"en-US\",\"@id\":\"https:\/\/pdpexpert.com\/producto\/certificacion-iso-27701-2025\/#primaryimage\",\"url\":\"https:\/\/pdpexpert.com\/wp-content\/uploads\/2025\/11\/artes-ADS-6.png\",\"contentUrl\":\"https:\/\/pdpexpert.com\/wp-content\/uploads\/2025\/11\/artes-ADS-6.png\",\"width\":1080,\"height\":1080},{\"@type\":\"BreadcrumbList\",\"@id\":\"https:\/\/pdpexpert.com\/producto\/certificacion-iso-27701-2025\/#breadcrumb\",\"itemListElement\":[{\"@type\":\"ListItem\",\"position\":1,\"name\":\"Portada\",\"item\":\"https:\/\/pdpexpert.com\/\"},{\"@type\":\"ListItem\",\"position\":2,\"name\":\"Tienda\",\"item\":\"https:\/\/pdpexpert.com\/tienda\/\"},{\"@type\":\"ListItem\",\"position\":3,\"name\":\"Certificaci\u00f3n ISO 27701:2025\"}]},{\"@type\":\"WebSite\",\"@id\":\"https:\/\/pdpexpert.com\/#website\",\"url\":\"https:\/\/pdpexpert.com\/\",\"name\":\"PDP EXPERT\",\"description\":\"\",\"publisher\":{\"@id\":\"https:\/\/pdpexpert.com\/#organization\"},\"potentialAction\":[{\"@type\":\"SearchAction\",\"target\":{\"@type\":\"EntryPoint\",\"urlTemplate\":\"https:\/\/pdpexpert.com\/?s={search_term_string}\"},\"query-input\":{\"@type\":\"PropertyValueSpecification\",\"valueRequired\":true,\"valueName\":\"search_term_string\"}}],\"inLanguage\":\"en-US\"},{\"@type\":\"Organization\",\"@id\":\"https:\/\/pdpexpert.com\/#organization\",\"name\":\"PDP EXPERT\",\"url\":\"https:\/\/pdpexpert.com\/\",\"logo\":{\"@type\":\"ImageObject\",\"inLanguage\":\"en-US\",\"@id\":\"https:\/\/pdpexpert.com\/#\/schema\/logo\/image\/\",\"url\":\"https:\/\/pdpexpert.com\/wp-content\/uploads\/2025\/07\/cropped-cropped-Logo-letras-azules-fondo-transparente.png\",\"contentUrl\":\"https:\/\/pdpexpert.com\/wp-content\/uploads\/2025\/07\/cropped-cropped-Logo-letras-azules-fondo-transparente.png\",\"width\":2000,\"height\":486,\"caption\":\"PDP EXPERT\"},\"image\":{\"@id\":\"https:\/\/pdpexpert.com\/#\/schema\/logo\/image\/\"}}]}<\/script>\n<!-- \/ Yoast SEO plugin. -->","yoast_head_json":{"title":"Certificaci\u00f3n ISO 27701:2025 - PDP Expert","description":"Cuso de certificaci\u00f3n iso 27701:2025 avalado por UIDE y desarrollado por PDP Expert, orientado a protecci\u00f3n de datos personales","robots":{"index":"index","follow":"follow","max-snippet":"max-snippet:-1","max-image-preview":"max-image-preview:large","max-video-preview":"max-video-preview:-1"},"canonical":"https:\/\/pdpexpert.com\/en\/product\/certificacion-iso-27701-2025\/","og_locale":"en_US","og_type":"article","og_title":"Certificaci\u00f3n ISO 27701:2025 - PDP Expert","og_description":"Cuso de certificaci\u00f3n iso 27701:2025 avalado por UIDE y desarrollado por PDP Expert, orientado a protecci\u00f3n de datos personales","og_url":"https:\/\/pdpexpert.com\/en\/product\/certificacion-iso-27701-2025\/","og_site_name":"PDP Expert","article_modified_time":"2026-01-03T01:12:20+00:00","og_image":[{"width":1080,"height":1080,"url":"https:\/\/pdpexpert.com\/wp-content\/uploads\/2025\/11\/artes-ADS-6.png","type":"image\/png"}],"twitter_card":"summary_large_image","twitter_misc":{"Est. reading time":"2 minutes"},"schema":{"@context":"https:\/\/schema.org","@graph":[{"@type":"WebPage","@id":"https:\/\/pdpexpert.com\/producto\/certificacion-iso-27701-2025\/","url":"https:\/\/pdpexpert.com\/producto\/certificacion-iso-27701-2025\/","name":"Certificaci\u00f3n ISO 27701:2025 - PDP Expert","isPartOf":{"@id":"https:\/\/pdpexpert.com\/#website"},"primaryImageOfPage":{"@id":"https:\/\/pdpexpert.com\/producto\/certificacion-iso-27701-2025\/#primaryimage"},"image":{"@id":"https:\/\/pdpexpert.com\/producto\/certificacion-iso-27701-2025\/#primaryimage"},"thumbnailUrl":"https:\/\/pdpexpert.com\/wp-content\/uploads\/2025\/11\/artes-ADS-6.png","datePublished":"2025-11-17T02:53:49+00:00","dateModified":"2026-01-03T01:12:20+00:00","description":"Cuso de certificaci\u00f3n iso 27701:2025 avalado por UIDE y desarrollado por PDP Expert, orientado a protecci\u00f3n de datos personales","breadcrumb":{"@id":"https:\/\/pdpexpert.com\/producto\/certificacion-iso-27701-2025\/#breadcrumb"},"inLanguage":"en-US","potentialAction":[{"@type":"ReadAction","target":["https:\/\/pdpexpert.com\/producto\/certificacion-iso-27701-2025\/"]}]},{"@type":"ImageObject","inLanguage":"en-US","@id":"https:\/\/pdpexpert.com\/producto\/certificacion-iso-27701-2025\/#primaryimage","url":"https:\/\/pdpexpert.com\/wp-content\/uploads\/2025\/11\/artes-ADS-6.png","contentUrl":"https:\/\/pdpexpert.com\/wp-content\/uploads\/2025\/11\/artes-ADS-6.png","width":1080,"height":1080},{"@type":"BreadcrumbList","@id":"https:\/\/pdpexpert.com\/producto\/certificacion-iso-27701-2025\/#breadcrumb","itemListElement":[{"@type":"ListItem","position":1,"name":"Portada","item":"https:\/\/pdpexpert.com\/"},{"@type":"ListItem","position":2,"name":"Tienda","item":"https:\/\/pdpexpert.com\/tienda\/"},{"@type":"ListItem","position":3,"name":"Certificaci\u00f3n ISO 27701:2025"}]},{"@type":"WebSite","@id":"https:\/\/pdpexpert.com\/#website","url":"https:\/\/pdpexpert.com\/","name":"PDP EXPERT","description":"","publisher":{"@id":"https:\/\/pdpexpert.com\/#organization"},"potentialAction":[{"@type":"SearchAction","target":{"@type":"EntryPoint","urlTemplate":"https:\/\/pdpexpert.com\/?s={search_term_string}"},"query-input":{"@type":"PropertyValueSpecification","valueRequired":true,"valueName":"search_term_string"}}],"inLanguage":"en-US"},{"@type":"Organization","@id":"https:\/\/pdpexpert.com\/#organization","name":"PDP EXPERT","url":"https:\/\/pdpexpert.com\/","logo":{"@type":"ImageObject","inLanguage":"en-US","@id":"https:\/\/pdpexpert.com\/#\/schema\/logo\/image\/","url":"https:\/\/pdpexpert.com\/wp-content\/uploads\/2025\/07\/cropped-cropped-Logo-letras-azules-fondo-transparente.png","contentUrl":"https:\/\/pdpexpert.com\/wp-content\/uploads\/2025\/07\/cropped-cropped-Logo-letras-azules-fondo-transparente.png","width":2000,"height":486,"caption":"PDP EXPERT"},"image":{"@id":"https:\/\/pdpexpert.com\/#\/schema\/logo\/image\/"}}]}},"jetpack_sharing_enabled":true,"_links":{"self":[{"href":"https:\/\/pdpexpert.com\/en\/wp-json\/wp\/v2\/product\/711","targetHints":{"allow":["GET"]}}],"collection":[{"href":"https:\/\/pdpexpert.com\/en\/wp-json\/wp\/v2\/product"}],"about":[{"href":"https:\/\/pdpexpert.com\/en\/wp-json\/wp\/v2\/types\/product"}],"replies":[{"embeddable":true,"href":"https:\/\/pdpexpert.com\/en\/wp-json\/wp\/v2\/comments?post=711"}],"wp:featuredmedia":[{"embeddable":true,"href":"https:\/\/pdpexpert.com\/en\/wp-json\/wp\/v2\/media\/712"}],"wp:attachment":[{"href":"https:\/\/pdpexpert.com\/en\/wp-json\/wp\/v2\/media?parent=711"}],"wp:term":[{"taxonomy":"product_brand","embeddable":true,"href":"https:\/\/pdpexpert.com\/en\/wp-json\/wp\/v2\/product_brand?post=711"},{"taxonomy":"product_cat","embeddable":true,"href":"https:\/\/pdpexpert.com\/en\/wp-json\/wp\/v2\/product_cat?post=711"},{"taxonomy":"product_tag","embeddable":true,"href":"https:\/\/pdpexpert.com\/en\/wp-json\/wp\/v2\/product_tag?post=711"}],"curies":[{"name":"wp","href":"https:\/\/api.w.org\/{rel}","templated":true}]}}