{"id":736,"date":"2025-11-28T05:11:23","date_gmt":"2025-11-28T05:11:23","guid":{"rendered":"https:\/\/pdpexpert.com\/?post_type=product&#038;p=736"},"modified":"2025-12-19T04:25:38","modified_gmt":"2025-12-19T04:25:38","slug":"datum-circle","status":"publish","type":"product","link":"https:\/\/pdpexpert.com\/en\/product\/datum-circle\/","title":{"rendered":"Datum Circle Pro"},"content":{"rendered":"<p>Datum Circle es la red profesional dise\u00f1ada para consultores de protecci\u00f3n de datos que buscan profundizar su criterio t\u00e9cnico, potenciar su pr\u00e1ctica y acceder a herramientas especializadas. Combina una comunidad activa, formaci\u00f3n continua y soporte experto para ayudarte a resolver casos reales y mejorar tus entregables con mayor velocidad y precisi\u00f3n.<\/p>\n<p>El Plan Pro est\u00e1 orientado a consultores activos o profesionales que se encuentran en transici\u00f3n hacia la prestaci\u00f3n de servicios en protecci\u00f3n de datos personales y requieren un mayor volumen de acompa\u00f1amiento y herramientas para su pr\u00e1ctica profesional. Este plan incluye todos los beneficios del Plan Starter, ampliando el alcance con <strong data-start=\"1553\" data-end=\"1602\">cinco consultas mensuales de baja complejidad<\/strong>, acceso a la herramienta PDP AuditEasy para facilitar diagn\u00f3sticos y evaluaciones, y descuentos preferenciales en sesiones personalizadas 1:1 y programas de formaci\u00f3n. Todas las consultas incluidas en este plan se consideran <strong data-start=\"1828\" data-end=\"1849\">consultas simples<\/strong>, conforme a los criterios establecidos, sin implicar an\u00e1lisis complejos, revisi\u00f3n documental exhaustiva ni elaboraci\u00f3n de entregables.<\/p>","protected":false},"excerpt":{"rendered":"<p>El Plan Pro est\u00e1 orientado a consultores activos o profesionales que se encuentran en transici\u00f3n hacia la prestaci\u00f3n de servicios en protecci\u00f3n de datos personales y requieren un mayor volumen de acompa\u00f1amiento y herramientas para su pr\u00e1ctica profesional. Este plan incluye todos los beneficios del Plan Starter, ampliando el alcance con <strong data-start=\"1553\" data-end=\"1602\">cinco consultas mensuales de baja complejidad<\/strong>, acceso a la herramienta PDP AuditEasy para facilitar diagn\u00f3sticos y evaluaciones, y descuentos preferenciales en sesiones personalizadas 1:1 y programas de formaci\u00f3n. Todas las consultas incluidas en este plan se consideran <strong data-start=\"1828\" data-end=\"1849\">consultas simples<\/strong>, conforme a los criterios establecidos, sin implicar an\u00e1lisis complejos, revisi\u00f3n documental exhaustiva ni elaboraci\u00f3n de entregables.<\/p>","protected":false},"featured_media":738,"comment_status":"open","ping_status":"closed","template":"","meta":[],"product_brand":[],"product_cat":[36],"product_tag":[],"class_list":{"0":"post-736","1":"product","2":"type-product","3":"status-publish","4":"has-post-thumbnail","6":"product_cat-suscripciones","8":"first","9":"instock","10":"sale","11":"taxable","12":"shipping-taxable","13":"purchasable","14":"product-type-simple"},"yoast_head":"<!-- This site is optimized with the Yoast SEO plugin v27.0 - https:\/\/yoast.com\/product\/yoast-seo-wordpress\/ -->\n<title>Datum Circle Pro - PDP Expert<\/title>\n<meta name=\"robots\" content=\"index, follow, max-snippet:-1, max-image-preview:large, max-video-preview:-1\" \/>\n<link rel=\"canonical\" href=\"https:\/\/pdpexpert.com\/en\/product\/datum-circle\/\" \/>\n<meta property=\"og:locale\" content=\"en_US\" \/>\n<meta property=\"og:type\" content=\"article\" \/>\n<meta property=\"og:title\" content=\"Datum Circle Pro - PDP Expert\" \/>\n<meta property=\"og:description\" content=\"El Plan Pro est\u00e1 orientado a consultores activos o profesionales que se encuentran en transici\u00f3n hacia la prestaci\u00f3n de servicios en protecci\u00f3n de datos personales y requieren un mayor volumen de acompa\u00f1amiento y herramientas para su pr\u00e1ctica profesional. Este plan incluye todos los beneficios del Plan Starter, ampliando el alcance con cinco consultas mensuales de baja complejidad, acceso a la herramienta PDP AuditEasy para facilitar diagn\u00f3sticos y evaluaciones, y descuentos preferenciales en sesiones personalizadas 1:1 y programas de formaci\u00f3n. Todas las consultas incluidas en este plan se consideran consultas simples, conforme a los criterios establecidos, sin implicar an\u00e1lisis complejos, revisi\u00f3n documental exhaustiva ni elaboraci\u00f3n de entregables.\" \/>\n<meta property=\"og:url\" content=\"https:\/\/pdpexpert.com\/en\/product\/datum-circle\/\" \/>\n<meta property=\"og:site_name\" content=\"PDP Expert\" \/>\n<meta property=\"article:modified_time\" content=\"2025-12-19T04:25:38+00:00\" \/>\n<meta property=\"og:image\" content=\"https:\/\/pdpexpert.com\/wp-content\/uploads\/2025\/11\/ChatGPT-Image-28-nov-2025-00_13_47.png\" \/>\n\t<meta property=\"og:image:width\" content=\"1024\" \/>\n\t<meta property=\"og:image:height\" content=\"1024\" \/>\n\t<meta property=\"og:image:type\" content=\"image\/png\" \/>\n<meta name=\"twitter:card\" content=\"summary_large_image\" \/>\n<meta name=\"twitter:label1\" content=\"Est. reading time\" \/>\n\t<meta name=\"twitter:data1\" content=\"1 minute\" \/>\n<script type=\"application\/ld+json\" class=\"yoast-schema-graph\">{\"@context\":\"https:\/\/schema.org\",\"@graph\":[{\"@type\":\"WebPage\",\"@id\":\"https:\/\/pdpexpert.com\/producto\/datum-circle\/\",\"url\":\"https:\/\/pdpexpert.com\/producto\/datum-circle\/\",\"name\":\"Datum Circle Pro - PDP Expert\",\"isPartOf\":{\"@id\":\"https:\/\/pdpexpert.com\/#website\"},\"primaryImageOfPage\":{\"@id\":\"https:\/\/pdpexpert.com\/producto\/datum-circle\/#primaryimage\"},\"image\":{\"@id\":\"https:\/\/pdpexpert.com\/producto\/datum-circle\/#primaryimage\"},\"thumbnailUrl\":\"https:\/\/pdpexpert.com\/wp-content\/uploads\/2025\/11\/ChatGPT-Image-28-nov-2025-00_13_47.png\",\"datePublished\":\"2025-11-28T05:11:23+00:00\",\"dateModified\":\"2025-12-19T04:25:38+00:00\",\"breadcrumb\":{\"@id\":\"https:\/\/pdpexpert.com\/producto\/datum-circle\/#breadcrumb\"},\"inLanguage\":\"en-US\",\"potentialAction\":[{\"@type\":\"ReadAction\",\"target\":[\"https:\/\/pdpexpert.com\/producto\/datum-circle\/\"]}]},{\"@type\":\"ImageObject\",\"inLanguage\":\"en-US\",\"@id\":\"https:\/\/pdpexpert.com\/producto\/datum-circle\/#primaryimage\",\"url\":\"https:\/\/pdpexpert.com\/wp-content\/uploads\/2025\/11\/ChatGPT-Image-28-nov-2025-00_13_47.png\",\"contentUrl\":\"https:\/\/pdpexpert.com\/wp-content\/uploads\/2025\/11\/ChatGPT-Image-28-nov-2025-00_13_47.png\",\"width\":1024,\"height\":1024},{\"@type\":\"BreadcrumbList\",\"@id\":\"https:\/\/pdpexpert.com\/producto\/datum-circle\/#breadcrumb\",\"itemListElement\":[{\"@type\":\"ListItem\",\"position\":1,\"name\":\"Portada\",\"item\":\"https:\/\/pdpexpert.com\/\"},{\"@type\":\"ListItem\",\"position\":2,\"name\":\"Tienda\",\"item\":\"https:\/\/pdpexpert.com\/tienda\/\"},{\"@type\":\"ListItem\",\"position\":3,\"name\":\"Datum Circle Pro\"}]},{\"@type\":\"WebSite\",\"@id\":\"https:\/\/pdpexpert.com\/#website\",\"url\":\"https:\/\/pdpexpert.com\/\",\"name\":\"PDP EXPERT\",\"description\":\"\",\"publisher\":{\"@id\":\"https:\/\/pdpexpert.com\/#organization\"},\"potentialAction\":[{\"@type\":\"SearchAction\",\"target\":{\"@type\":\"EntryPoint\",\"urlTemplate\":\"https:\/\/pdpexpert.com\/?s={search_term_string}\"},\"query-input\":{\"@type\":\"PropertyValueSpecification\",\"valueRequired\":true,\"valueName\":\"search_term_string\"}}],\"inLanguage\":\"en-US\"},{\"@type\":\"Organization\",\"@id\":\"https:\/\/pdpexpert.com\/#organization\",\"name\":\"PDP EXPERT\",\"url\":\"https:\/\/pdpexpert.com\/\",\"logo\":{\"@type\":\"ImageObject\",\"inLanguage\":\"en-US\",\"@id\":\"https:\/\/pdpexpert.com\/#\/schema\/logo\/image\/\",\"url\":\"https:\/\/pdpexpert.com\/wp-content\/uploads\/2025\/07\/cropped-cropped-Logo-letras-azules-fondo-transparente.png\",\"contentUrl\":\"https:\/\/pdpexpert.com\/wp-content\/uploads\/2025\/07\/cropped-cropped-Logo-letras-azules-fondo-transparente.png\",\"width\":2000,\"height\":486,\"caption\":\"PDP EXPERT\"},\"image\":{\"@id\":\"https:\/\/pdpexpert.com\/#\/schema\/logo\/image\/\"}}]}<\/script>\n<!-- \/ Yoast SEO plugin. -->","yoast_head_json":{"title":"Datum Circle Pro - PDP Expert","robots":{"index":"index","follow":"follow","max-snippet":"max-snippet:-1","max-image-preview":"max-image-preview:large","max-video-preview":"max-video-preview:-1"},"canonical":"https:\/\/pdpexpert.com\/en\/product\/datum-circle\/","og_locale":"en_US","og_type":"article","og_title":"Datum Circle Pro - PDP Expert","og_description":"El Plan Pro est\u00e1 orientado a consultores activos o profesionales que se encuentran en transici\u00f3n hacia la prestaci\u00f3n de servicios en protecci\u00f3n de datos personales y requieren un mayor volumen de acompa\u00f1amiento y herramientas para su pr\u00e1ctica profesional. Este plan incluye todos los beneficios del Plan Starter, ampliando el alcance con cinco consultas mensuales de baja complejidad, acceso a la herramienta PDP AuditEasy para facilitar diagn\u00f3sticos y evaluaciones, y descuentos preferenciales en sesiones personalizadas 1:1 y programas de formaci\u00f3n. Todas las consultas incluidas en este plan se consideran consultas simples, conforme a los criterios establecidos, sin implicar an\u00e1lisis complejos, revisi\u00f3n documental exhaustiva ni elaboraci\u00f3n de entregables.","og_url":"https:\/\/pdpexpert.com\/en\/product\/datum-circle\/","og_site_name":"PDP Expert","article_modified_time":"2025-12-19T04:25:38+00:00","og_image":[{"width":1024,"height":1024,"url":"https:\/\/pdpexpert.com\/wp-content\/uploads\/2025\/11\/ChatGPT-Image-28-nov-2025-00_13_47.png","type":"image\/png"}],"twitter_card":"summary_large_image","twitter_misc":{"Est. reading time":"1 minute"},"schema":{"@context":"https:\/\/schema.org","@graph":[{"@type":"WebPage","@id":"https:\/\/pdpexpert.com\/producto\/datum-circle\/","url":"https:\/\/pdpexpert.com\/producto\/datum-circle\/","name":"Datum Circle Pro - PDP Expert","isPartOf":{"@id":"https:\/\/pdpexpert.com\/#website"},"primaryImageOfPage":{"@id":"https:\/\/pdpexpert.com\/producto\/datum-circle\/#primaryimage"},"image":{"@id":"https:\/\/pdpexpert.com\/producto\/datum-circle\/#primaryimage"},"thumbnailUrl":"https:\/\/pdpexpert.com\/wp-content\/uploads\/2025\/11\/ChatGPT-Image-28-nov-2025-00_13_47.png","datePublished":"2025-11-28T05:11:23+00:00","dateModified":"2025-12-19T04:25:38+00:00","breadcrumb":{"@id":"https:\/\/pdpexpert.com\/producto\/datum-circle\/#breadcrumb"},"inLanguage":"en-US","potentialAction":[{"@type":"ReadAction","target":["https:\/\/pdpexpert.com\/producto\/datum-circle\/"]}]},{"@type":"ImageObject","inLanguage":"en-US","@id":"https:\/\/pdpexpert.com\/producto\/datum-circle\/#primaryimage","url":"https:\/\/pdpexpert.com\/wp-content\/uploads\/2025\/11\/ChatGPT-Image-28-nov-2025-00_13_47.png","contentUrl":"https:\/\/pdpexpert.com\/wp-content\/uploads\/2025\/11\/ChatGPT-Image-28-nov-2025-00_13_47.png","width":1024,"height":1024},{"@type":"BreadcrumbList","@id":"https:\/\/pdpexpert.com\/producto\/datum-circle\/#breadcrumb","itemListElement":[{"@type":"ListItem","position":1,"name":"Portada","item":"https:\/\/pdpexpert.com\/"},{"@type":"ListItem","position":2,"name":"Tienda","item":"https:\/\/pdpexpert.com\/tienda\/"},{"@type":"ListItem","position":3,"name":"Datum Circle Pro"}]},{"@type":"WebSite","@id":"https:\/\/pdpexpert.com\/#website","url":"https:\/\/pdpexpert.com\/","name":"PDP EXPERT","description":"","publisher":{"@id":"https:\/\/pdpexpert.com\/#organization"},"potentialAction":[{"@type":"SearchAction","target":{"@type":"EntryPoint","urlTemplate":"https:\/\/pdpexpert.com\/?s={search_term_string}"},"query-input":{"@type":"PropertyValueSpecification","valueRequired":true,"valueName":"search_term_string"}}],"inLanguage":"en-US"},{"@type":"Organization","@id":"https:\/\/pdpexpert.com\/#organization","name":"PDP EXPERT","url":"https:\/\/pdpexpert.com\/","logo":{"@type":"ImageObject","inLanguage":"en-US","@id":"https:\/\/pdpexpert.com\/#\/schema\/logo\/image\/","url":"https:\/\/pdpexpert.com\/wp-content\/uploads\/2025\/07\/cropped-cropped-Logo-letras-azules-fondo-transparente.png","contentUrl":"https:\/\/pdpexpert.com\/wp-content\/uploads\/2025\/07\/cropped-cropped-Logo-letras-azules-fondo-transparente.png","width":2000,"height":486,"caption":"PDP EXPERT"},"image":{"@id":"https:\/\/pdpexpert.com\/#\/schema\/logo\/image\/"}}]}},"jetpack_sharing_enabled":true,"_links":{"self":[{"href":"https:\/\/pdpexpert.com\/en\/wp-json\/wp\/v2\/product\/736","targetHints":{"allow":["GET"]}}],"collection":[{"href":"https:\/\/pdpexpert.com\/en\/wp-json\/wp\/v2\/product"}],"about":[{"href":"https:\/\/pdpexpert.com\/en\/wp-json\/wp\/v2\/types\/product"}],"replies":[{"embeddable":true,"href":"https:\/\/pdpexpert.com\/en\/wp-json\/wp\/v2\/comments?post=736"}],"wp:featuredmedia":[{"embeddable":true,"href":"https:\/\/pdpexpert.com\/en\/wp-json\/wp\/v2\/media\/738"}],"wp:attachment":[{"href":"https:\/\/pdpexpert.com\/en\/wp-json\/wp\/v2\/media?parent=736"}],"wp:term":[{"taxonomy":"product_brand","embeddable":true,"href":"https:\/\/pdpexpert.com\/en\/wp-json\/wp\/v2\/product_brand?post=736"},{"taxonomy":"product_cat","embeddable":true,"href":"https:\/\/pdpexpert.com\/en\/wp-json\/wp\/v2\/product_cat?post=736"},{"taxonomy":"product_tag","embeddable":true,"href":"https:\/\/pdpexpert.com\/en\/wp-json\/wp\/v2\/product_tag?post=736"}],"curies":[{"name":"wp","href":"https:\/\/api.w.org\/{rel}","templated":true}]}}