{"id":800,"date":"2025-12-19T04:20:47","date_gmt":"2025-12-19T04:20:47","guid":{"rendered":"https:\/\/pdpexpert.com\/?post_type=product&#038;p=800"},"modified":"2026-01-03T01:11:31","modified_gmt":"2026-01-03T01:11:31","slug":"datum-circle-starter","status":"publish","type":"product","link":"https:\/\/pdpexpert.com\/en\/product\/datum-circle-starter\/","title":{"rendered":"Datum Circle Starter"},"content":{"rendered":"<p>Datum Circle es la red profesional dise\u00f1ada para consultores de protecci\u00f3n de datos que buscan profundizar su criterio t\u00e9cnico, potenciar su pr\u00e1ctica y acceder a herramientas especializadas. Combina una comunidad activa, formaci\u00f3n continua y soporte experto para ayudarte a resolver casos reales y mejorar tus entregables con mayor velocidad y precisi\u00f3n.<\/p>\n<p>El Plan Starter est\u00e1 dise\u00f1ado para abogados y profesionales que se inician en el \u00e1mbito de la protecci\u00f3n de datos personales y desean adquirir una base s\u00f3lida de conocimientos, integrarse a una red profesional especializada y contar con orientaci\u00f3n experta para resolver dudas puntuales. Este plan incluye acceso a la red de consultores LATAM, a la bolsa de empleo, a la masterclass mensual en vivo con acceso a grabaciones, al curso b\u00e1sico de protecci\u00f3n de datos y a la biblioteca de consultas y casos reales. Adicionalmente, contempla <strong data-start=\"969\" data-end=\"1016\">dos consultas mensuales de baja complejidad<\/strong>, entendidas como consultas simples, claramente formuladas y que no requieren an\u00e1lisis exhaustivo, revisi\u00f3n de documentaci\u00f3n ni elaboraci\u00f3n de insumos adicionales.<\/p>","protected":false},"excerpt":{"rendered":"<p>El Plan Starter est\u00e1 dise\u00f1ado para abogados y profesionales que se inician en el \u00e1mbito de la protecci\u00f3n de datos personales y desean adquirir una base s\u00f3lida de conocimientos, integrarse a una red profesional especializada y contar con orientaci\u00f3n experta para resolver dudas puntuales. Este plan incluye acceso a la red de consultores LATAM, a la bolsa de empleo, a la masterclass mensual en vivo con acceso a grabaciones, al curso b\u00e1sico de protecci\u00f3n de datos y a la biblioteca de consultas y casos reales. Adicionalmente, contempla <strong data-start=\"969\" data-end=\"1016\">dos consultas mensuales de baja complejidad<\/strong>, entendidas como consultas simples, claramente formuladas y que no requieren an\u00e1lisis exhaustivo, revisi\u00f3n de documentaci\u00f3n ni elaboraci\u00f3n de insumos adicionales.<\/p>","protected":false},"featured_media":738,"comment_status":"open","ping_status":"closed","template":"","meta":[],"product_brand":[],"product_cat":[36],"product_tag":[],"class_list":{"0":"post-800","1":"product","2":"type-product","3":"status-publish","4":"has-post-thumbnail","6":"product_cat-suscripciones","8":"first","9":"instock","10":"sale","11":"virtual","12":"taxable","13":"purchasable","14":"product-type-simple"},"yoast_head":"<!-- This site is optimized with the Yoast SEO plugin v27.0 - https:\/\/yoast.com\/product\/yoast-seo-wordpress\/ -->\n<title>Datum Circle Starter - PDP Expert<\/title>\n<meta name=\"robots\" content=\"index, follow, max-snippet:-1, max-image-preview:large, max-video-preview:-1\" \/>\n<link rel=\"canonical\" href=\"https:\/\/pdpexpert.com\/en\/product\/datum-circle-starter\/\" \/>\n<meta property=\"og:locale\" content=\"en_US\" \/>\n<meta property=\"og:type\" content=\"article\" \/>\n<meta property=\"og:title\" content=\"Datum Circle Starter - PDP Expert\" \/>\n<meta property=\"og:description\" content=\"El Plan Starter est\u00e1 dise\u00f1ado para abogados y profesionales que se inician en el \u00e1mbito de la protecci\u00f3n de datos personales y desean adquirir una base s\u00f3lida de conocimientos, integrarse a una red profesional especializada y contar con orientaci\u00f3n experta para resolver dudas puntuales. Este plan incluye acceso a la red de consultores LATAM, a la bolsa de empleo, a la masterclass mensual en vivo con acceso a grabaciones, al curso b\u00e1sico de protecci\u00f3n de datos y a la biblioteca de consultas y casos reales. Adicionalmente, contempla dos consultas mensuales de baja complejidad, entendidas como consultas simples, claramente formuladas y que no requieren an\u00e1lisis exhaustivo, revisi\u00f3n de documentaci\u00f3n ni elaboraci\u00f3n de insumos adicionales.\" \/>\n<meta property=\"og:url\" content=\"https:\/\/pdpexpert.com\/en\/product\/datum-circle-starter\/\" \/>\n<meta property=\"og:site_name\" content=\"PDP Expert\" \/>\n<meta property=\"article:modified_time\" content=\"2026-01-03T01:11:31+00:00\" \/>\n<meta property=\"og:image\" content=\"https:\/\/pdpexpert.com\/wp-content\/uploads\/2025\/11\/ChatGPT-Image-28-nov-2025-00_13_47.png\" \/>\n\t<meta property=\"og:image:width\" content=\"1024\" \/>\n\t<meta property=\"og:image:height\" content=\"1024\" \/>\n\t<meta property=\"og:image:type\" content=\"image\/png\" \/>\n<meta name=\"twitter:card\" content=\"summary_large_image\" \/>\n<meta name=\"twitter:label1\" content=\"Est. reading time\" \/>\n\t<meta name=\"twitter:data1\" content=\"1 minute\" \/>\n<script type=\"application\/ld+json\" class=\"yoast-schema-graph\">{\"@context\":\"https:\/\/schema.org\",\"@graph\":[{\"@type\":\"WebPage\",\"@id\":\"https:\/\/pdpexpert.com\/producto\/datum-circle-starter\/\",\"url\":\"https:\/\/pdpexpert.com\/producto\/datum-circle-starter\/\",\"name\":\"Datum Circle Starter - PDP Expert\",\"isPartOf\":{\"@id\":\"https:\/\/pdpexpert.com\/#website\"},\"primaryImageOfPage\":{\"@id\":\"https:\/\/pdpexpert.com\/producto\/datum-circle-starter\/#primaryimage\"},\"image\":{\"@id\":\"https:\/\/pdpexpert.com\/producto\/datum-circle-starter\/#primaryimage\"},\"thumbnailUrl\":\"https:\/\/pdpexpert.com\/wp-content\/uploads\/2025\/11\/ChatGPT-Image-28-nov-2025-00_13_47.png\",\"datePublished\":\"2025-12-19T04:20:47+00:00\",\"dateModified\":\"2026-01-03T01:11:31+00:00\",\"breadcrumb\":{\"@id\":\"https:\/\/pdpexpert.com\/producto\/datum-circle-starter\/#breadcrumb\"},\"inLanguage\":\"en-US\",\"potentialAction\":[{\"@type\":\"ReadAction\",\"target\":[\"https:\/\/pdpexpert.com\/producto\/datum-circle-starter\/\"]}]},{\"@type\":\"ImageObject\",\"inLanguage\":\"en-US\",\"@id\":\"https:\/\/pdpexpert.com\/producto\/datum-circle-starter\/#primaryimage\",\"url\":\"https:\/\/pdpexpert.com\/wp-content\/uploads\/2025\/11\/ChatGPT-Image-28-nov-2025-00_13_47.png\",\"contentUrl\":\"https:\/\/pdpexpert.com\/wp-content\/uploads\/2025\/11\/ChatGPT-Image-28-nov-2025-00_13_47.png\",\"width\":1024,\"height\":1024},{\"@type\":\"BreadcrumbList\",\"@id\":\"https:\/\/pdpexpert.com\/producto\/datum-circle-starter\/#breadcrumb\",\"itemListElement\":[{\"@type\":\"ListItem\",\"position\":1,\"name\":\"Portada\",\"item\":\"https:\/\/pdpexpert.com\/\"},{\"@type\":\"ListItem\",\"position\":2,\"name\":\"Tienda\",\"item\":\"https:\/\/pdpexpert.com\/tienda\/\"},{\"@type\":\"ListItem\",\"position\":3,\"name\":\"Datum Circle Starter\"}]},{\"@type\":\"WebSite\",\"@id\":\"https:\/\/pdpexpert.com\/#website\",\"url\":\"https:\/\/pdpexpert.com\/\",\"name\":\"PDP EXPERT\",\"description\":\"\",\"publisher\":{\"@id\":\"https:\/\/pdpexpert.com\/#organization\"},\"potentialAction\":[{\"@type\":\"SearchAction\",\"target\":{\"@type\":\"EntryPoint\",\"urlTemplate\":\"https:\/\/pdpexpert.com\/?s={search_term_string}\"},\"query-input\":{\"@type\":\"PropertyValueSpecification\",\"valueRequired\":true,\"valueName\":\"search_term_string\"}}],\"inLanguage\":\"en-US\"},{\"@type\":\"Organization\",\"@id\":\"https:\/\/pdpexpert.com\/#organization\",\"name\":\"PDP EXPERT\",\"url\":\"https:\/\/pdpexpert.com\/\",\"logo\":{\"@type\":\"ImageObject\",\"inLanguage\":\"en-US\",\"@id\":\"https:\/\/pdpexpert.com\/#\/schema\/logo\/image\/\",\"url\":\"https:\/\/pdpexpert.com\/wp-content\/uploads\/2025\/07\/cropped-cropped-Logo-letras-azules-fondo-transparente.png\",\"contentUrl\":\"https:\/\/pdpexpert.com\/wp-content\/uploads\/2025\/07\/cropped-cropped-Logo-letras-azules-fondo-transparente.png\",\"width\":2000,\"height\":486,\"caption\":\"PDP EXPERT\"},\"image\":{\"@id\":\"https:\/\/pdpexpert.com\/#\/schema\/logo\/image\/\"}}]}<\/script>\n<!-- \/ Yoast SEO plugin. -->","yoast_head_json":{"title":"Datum Circle Starter - PDP Expert","robots":{"index":"index","follow":"follow","max-snippet":"max-snippet:-1","max-image-preview":"max-image-preview:large","max-video-preview":"max-video-preview:-1"},"canonical":"https:\/\/pdpexpert.com\/en\/product\/datum-circle-starter\/","og_locale":"en_US","og_type":"article","og_title":"Datum Circle Starter - PDP Expert","og_description":"El Plan Starter est\u00e1 dise\u00f1ado para abogados y profesionales que se inician en el \u00e1mbito de la protecci\u00f3n de datos personales y desean adquirir una base s\u00f3lida de conocimientos, integrarse a una red profesional especializada y contar con orientaci\u00f3n experta para resolver dudas puntuales. Este plan incluye acceso a la red de consultores LATAM, a la bolsa de empleo, a la masterclass mensual en vivo con acceso a grabaciones, al curso b\u00e1sico de protecci\u00f3n de datos y a la biblioteca de consultas y casos reales. Adicionalmente, contempla dos consultas mensuales de baja complejidad, entendidas como consultas simples, claramente formuladas y que no requieren an\u00e1lisis exhaustivo, revisi\u00f3n de documentaci\u00f3n ni elaboraci\u00f3n de insumos adicionales.","og_url":"https:\/\/pdpexpert.com\/en\/product\/datum-circle-starter\/","og_site_name":"PDP Expert","article_modified_time":"2026-01-03T01:11:31+00:00","og_image":[{"width":1024,"height":1024,"url":"https:\/\/pdpexpert.com\/wp-content\/uploads\/2025\/11\/ChatGPT-Image-28-nov-2025-00_13_47.png","type":"image\/png"}],"twitter_card":"summary_large_image","twitter_misc":{"Est. reading time":"1 minute"},"schema":{"@context":"https:\/\/schema.org","@graph":[{"@type":"WebPage","@id":"https:\/\/pdpexpert.com\/producto\/datum-circle-starter\/","url":"https:\/\/pdpexpert.com\/producto\/datum-circle-starter\/","name":"Datum Circle Starter - PDP Expert","isPartOf":{"@id":"https:\/\/pdpexpert.com\/#website"},"primaryImageOfPage":{"@id":"https:\/\/pdpexpert.com\/producto\/datum-circle-starter\/#primaryimage"},"image":{"@id":"https:\/\/pdpexpert.com\/producto\/datum-circle-starter\/#primaryimage"},"thumbnailUrl":"https:\/\/pdpexpert.com\/wp-content\/uploads\/2025\/11\/ChatGPT-Image-28-nov-2025-00_13_47.png","datePublished":"2025-12-19T04:20:47+00:00","dateModified":"2026-01-03T01:11:31+00:00","breadcrumb":{"@id":"https:\/\/pdpexpert.com\/producto\/datum-circle-starter\/#breadcrumb"},"inLanguage":"en-US","potentialAction":[{"@type":"ReadAction","target":["https:\/\/pdpexpert.com\/producto\/datum-circle-starter\/"]}]},{"@type":"ImageObject","inLanguage":"en-US","@id":"https:\/\/pdpexpert.com\/producto\/datum-circle-starter\/#primaryimage","url":"https:\/\/pdpexpert.com\/wp-content\/uploads\/2025\/11\/ChatGPT-Image-28-nov-2025-00_13_47.png","contentUrl":"https:\/\/pdpexpert.com\/wp-content\/uploads\/2025\/11\/ChatGPT-Image-28-nov-2025-00_13_47.png","width":1024,"height":1024},{"@type":"BreadcrumbList","@id":"https:\/\/pdpexpert.com\/producto\/datum-circle-starter\/#breadcrumb","itemListElement":[{"@type":"ListItem","position":1,"name":"Portada","item":"https:\/\/pdpexpert.com\/"},{"@type":"ListItem","position":2,"name":"Tienda","item":"https:\/\/pdpexpert.com\/tienda\/"},{"@type":"ListItem","position":3,"name":"Datum Circle Starter"}]},{"@type":"WebSite","@id":"https:\/\/pdpexpert.com\/#website","url":"https:\/\/pdpexpert.com\/","name":"PDP EXPERT","description":"","publisher":{"@id":"https:\/\/pdpexpert.com\/#organization"},"potentialAction":[{"@type":"SearchAction","target":{"@type":"EntryPoint","urlTemplate":"https:\/\/pdpexpert.com\/?s={search_term_string}"},"query-input":{"@type":"PropertyValueSpecification","valueRequired":true,"valueName":"search_term_string"}}],"inLanguage":"en-US"},{"@type":"Organization","@id":"https:\/\/pdpexpert.com\/#organization","name":"PDP EXPERT","url":"https:\/\/pdpexpert.com\/","logo":{"@type":"ImageObject","inLanguage":"en-US","@id":"https:\/\/pdpexpert.com\/#\/schema\/logo\/image\/","url":"https:\/\/pdpexpert.com\/wp-content\/uploads\/2025\/07\/cropped-cropped-Logo-letras-azules-fondo-transparente.png","contentUrl":"https:\/\/pdpexpert.com\/wp-content\/uploads\/2025\/07\/cropped-cropped-Logo-letras-azules-fondo-transparente.png","width":2000,"height":486,"caption":"PDP EXPERT"},"image":{"@id":"https:\/\/pdpexpert.com\/#\/schema\/logo\/image\/"}}]}},"jetpack_sharing_enabled":true,"_links":{"self":[{"href":"https:\/\/pdpexpert.com\/en\/wp-json\/wp\/v2\/product\/800","targetHints":{"allow":["GET"]}}],"collection":[{"href":"https:\/\/pdpexpert.com\/en\/wp-json\/wp\/v2\/product"}],"about":[{"href":"https:\/\/pdpexpert.com\/en\/wp-json\/wp\/v2\/types\/product"}],"replies":[{"embeddable":true,"href":"https:\/\/pdpexpert.com\/en\/wp-json\/wp\/v2\/comments?post=800"}],"wp:featuredmedia":[{"embeddable":true,"href":"https:\/\/pdpexpert.com\/en\/wp-json\/wp\/v2\/media\/738"}],"wp:attachment":[{"href":"https:\/\/pdpexpert.com\/en\/wp-json\/wp\/v2\/media?parent=800"}],"wp:term":[{"taxonomy":"product_brand","embeddable":true,"href":"https:\/\/pdpexpert.com\/en\/wp-json\/wp\/v2\/product_brand?post=800"},{"taxonomy":"product_cat","embeddable":true,"href":"https:\/\/pdpexpert.com\/en\/wp-json\/wp\/v2\/product_cat?post=800"},{"taxonomy":"product_tag","embeddable":true,"href":"https:\/\/pdpexpert.com\/en\/wp-json\/wp\/v2\/product_tag?post=800"}],"curies":[{"name":"wp","href":"https:\/\/api.w.org\/{rel}","templated":true}]}}